{"id":6043,"date":"2023-04-19T11:19:11","date_gmt":"2023-04-19T14:19:11","guid":{"rendered":"https:\/\/www.ucisperuanas.com\/?page_id=6043"},"modified":"2026-04-14T16:44:01","modified_gmt":"2026-04-14T19:44:01","slug":"amci","status":"publish","type":"page","link":"https:\/\/www.uciscolombianas.com\/pt-br\/amci\/","title":{"rendered":"AMCI"},"content":{"rendered":"\t\t<div data-elementor-type=\"wp-page\" data-elementor-id=\"6043\" class=\"elementor elementor-6043 elementor-6041\">\n\t\t\t\t\t\t\t\t\t<section class=\"elementor-section elementor-top-section elementor-element elementor-element-2e8b1fb elementor-section-boxed elementor-section-height-default elementor-section-height-default\" data-id=\"2e8b1fb\" data-element_type=\"section\">\n\t\t\t\t\t\t<div class=\"elementor-container elementor-column-gap-default\">\n\t\t\t\t\t<div class=\"elementor-column elementor-col-100 elementor-top-column elementor-element elementor-element-9c61011\" data-id=\"9c61011\" data-element_type=\"column\">\n\t\t\t<div class=\"elementor-widget-wrap elementor-element-populated\">\n\t\t\t\t\t\t\t\t<div class=\"elementor-element elementor-element-60755bf elementor-widget elementor-widget-spacer\" data-id=\"60755bf\" data-element_type=\"widget\" data-widget_type=\"spacer.default\">\n\t\t\t\t<div class=\"elementor-widget-container\">\n\t\t\t<style>\/*! elementor - v3.15.0 - 20-08-2023 *\/\n.elementor-column .elementor-spacer-inner{height:var(--spacer-size)}.e-con{--container-widget-width:100%}.e-con-inner>.elementor-widget-spacer,.e-con>.elementor-widget-spacer{width:var(--container-widget-width,var(--spacer-size));--align-self:var(--container-widget-align-self,initial);--flex-shrink:0}.e-con-inner>.elementor-widget-spacer>.elementor-widget-container,.e-con-inner>.elementor-widget-spacer>.elementor-widget-container>.elementor-spacer,.e-con>.elementor-widget-spacer>.elementor-widget-container,.e-con>.elementor-widget-spacer>.elementor-widget-container>.elementor-spacer{height:100%}.e-con-inner>.elementor-widget-spacer>.elementor-widget-container>.elementor-spacer>.elementor-spacer-inner,.e-con>.elementor-widget-spacer>.elementor-widget-container>.elementor-spacer>.elementor-spacer-inner{height:var(--container-widget-height,var(--spacer-size))}<\/style>\t\t<div class=\"elementor-spacer\">\n\t\t\t<div class=\"elementor-spacer-inner\"><\/div>\n\t\t<\/div>\n\t\t\t\t<\/div>\n\t\t\t\t<\/div>\n\t\t\t\t\t<\/div>\n\t\t<\/div>\n\t\t\t\t\t\t\t<\/div>\n\t\t<\/section>\n\t\t\t\t<section class=\"elementor-section elementor-top-section elementor-element elementor-element-83ef479 elementor-section-boxed elementor-section-height-default elementor-section-height-default\" data-id=\"83ef479\" data-element_type=\"section\" data-settings=\"{&quot;background_background&quot;:&quot;slideshow&quot;,&quot;background_slideshow_gallery&quot;:[],&quot;background_slideshow_loop&quot;:&quot;yes&quot;,&quot;background_slideshow_slide_duration&quot;:5000,&quot;background_slideshow_slide_transition&quot;:&quot;fade&quot;,&quot;background_slideshow_transition_duration&quot;:500}\">\n\t\t\t\t\t\t\t<div class=\"elementor-background-overlay\"><\/div>\n\t\t\t\t\t\t\t<div class=\"elementor-container elementor-column-gap-default\">\n\t\t\t\t\t<div class=\"elementor-column elementor-col-33 elementor-top-column elementor-element elementor-element-9db02b3\" data-id=\"9db02b3\" data-element_type=\"column\">\n\t\t\t<div class=\"elementor-widget-wrap elementor-element-populated\">\n\t\t\t\t\t\t\t\t<div class=\"elementor-element elementor-element-67ea12a elementor-widget elementor-widget-heading\" data-id=\"67ea12a\" data-element_type=\"widget\" data-widget_type=\"heading.default\">\n\t\t\t\t<div class=\"elementor-widget-container\">\n\t\t\t<style>\/*! elementor - v3.15.0 - 20-08-2023 *\/\n.elementor-heading-title{padding:0;margin:0;line-height:1}.elementor-widget-heading .elementor-heading-title[class*=elementor-size-]>a{color:inherit;font-size:inherit;line-height:inherit}.elementor-widget-heading .elementor-heading-title.elementor-size-small{font-size:15px}.elementor-widget-heading .elementor-heading-title.elementor-size-medium{font-size:19px}.elementor-widget-heading .elementor-heading-title.elementor-size-large{font-size:29px}.elementor-widget-heading .elementor-heading-title.elementor-size-xl{font-size:39px}.elementor-widget-heading .elementor-heading-title.elementor-size-xxl{font-size:59px}<\/style><h1 class=\"elementor-heading-title elementor-size-large\">AMCI<\/h1>\t\t<\/div>\n\t\t\t\t<\/div>\n\t\t\t\t<div class=\"elementor-element elementor-element-44cd38a elementor-widget elementor-widget-text-editor\" data-id=\"44cd38a\" data-element_type=\"widget\" data-widget_type=\"text-editor.default\">\n\t\t\t\t<div class=\"elementor-widget-container\">\n\t\t\t<style>\/*! elementor - v3.15.0 - 20-08-2023 *\/\n.elementor-widget-text-editor.elementor-drop-cap-view-stacked .elementor-drop-cap{background-color:#69727d;color:#fff}.elementor-widget-text-editor.elementor-drop-cap-view-framed .elementor-drop-cap{color:#69727d;border:3px solid;background-color:transparent}.elementor-widget-text-editor:not(.elementor-drop-cap-view-default) .elementor-drop-cap{margin-top:8px}.elementor-widget-text-editor:not(.elementor-drop-cap-view-default) .elementor-drop-cap-letter{width:1em;height:1em}.elementor-widget-text-editor .elementor-drop-cap{float:left;text-align:center;line-height:1;font-size:50px}.elementor-widget-text-editor .elementor-drop-cap-letter{display:inline-block}<\/style>\t\t\t\t<p>A Associa\u00e7\u00e3o Colombiana de Medicina Cr\u00edtica e Terapia Intensiva \u00e9 uma associa\u00e7\u00e3o cient\u00edfica sem fins lucrativos que promove o desenvolvimento respons\u00e1vel da especialidade de Medicina Cr\u00edtica e Terapia Intensiva e a pr\u00e1tica m\u00e9dica cient\u00edfica para a comunidade, promovendo o bem-estar geral com a participa\u00e7\u00e3o ativa de seus membros. Integra diferentes profiss\u00f5es afins como terapias integrais, enfermagem e medicina, impulsa a qualidade assistencial e sindical, e oferece uma proposta acad\u00eamica, de pesquisa e consultoria baseada em princ\u00edpios \u00e9ticos, humanit\u00e1rios e de excel\u00eancia, com foco no paciente cr\u00edtico, no talento humano em sa\u00fade e na comunidade.<\/p><p>Os objetivos da Associa\u00e7\u00e3o Colombiana de Medicina Cr\u00edtica e Terapia Intensiva s\u00e3o promover o desenvolvimento e evolu\u00e7\u00e3o da Terapia Intensiva e Medicina Cr\u00edtica na Col\u00f4mbia; promover a investiga\u00e7\u00e3o cient\u00edfica, a forma\u00e7\u00e3o acad\u00e9mica e o trabalho sindical; zelar pelo cumprimento da \u00e9tica na pr\u00e1tica dos Cuidados Intensivos e da Medicina Cr\u00edtica; infundir nos seus associados s\u00f3lidos princ\u00edpios de responsabilidade social e estabelecer as diretrizes administrativas, cient\u00edficas e log\u00edsticas que os Servi\u00e7os de Medicina Cr\u00edtica e as Unidades de Terapia Intensiva devem cumprir de acordo com o desenvolvimento da especialidade.<\/p><p>Para mais informa\u00e7\u00f5es, visite: <a href=\"https:\/\/amci.org.co\/\" target=\"_blank\" rel=\"noopener\">https:\/\/amci.org.co\/<\/a><\/p>\t\t\t\t\t\t<\/div>\n\t\t\t\t<\/div>\n\t\t\t\t\t<\/div>\n\t\t<\/div>\n\t\t\t\t<div class=\"elementor-column elementor-col-66 elementor-top-column elementor-element elementor-element-6e74ff5\" data-id=\"6e74ff5\" data-element_type=\"column\">\n\t\t\t<div class=\"elementor-widget-wrap elementor-element-populated\">\n\t\t\t\t\t\t\t\t<div class=\"elementor-element elementor-element-bd7fb10 elementor-widget elementor-widget-image\" data-id=\"bd7fb10\" data-element_type=\"widget\" data-widget_type=\"image.default\">\n\t\t\t\t<div class=\"elementor-widget-container\">\n\t\t\t<style>\/*! elementor - v3.15.0 - 20-08-2023 *\/\n.elementor-widget-image{text-align:center}.elementor-widget-image a{display:inline-block}.elementor-widget-image a img[src$=\".svg\"]{width:48px}.elementor-widget-image img{vertical-align:middle;display:inline-block}<\/style>\t\t\t\t\t\t\t\t\t\t\t\t<img decoding=\"async\" loading=\"lazy\" width=\"300\" height=\"278\" src=\"https:\/\/www.uciscolombianas.com\/wp-content\/uploads\/2023\/09\/logo_AMCI-300x278.png\" class=\"attachment-medium size-medium wp-image-6507\" alt=\"\" srcset=\"https:\/\/www.uciscolombianas.com\/wp-content\/uploads\/2023\/09\/logo_AMCI-300x278.png 300w, https:\/\/www.uciscolombianas.com\/wp-content\/uploads\/2023\/09\/logo_AMCI.png 377w\" sizes=\"(max-width: 300px) 100vw, 300px\" \/>\t\t\t\t\t\t\t\t\t\t\t\t\t\t\t<\/div>\n\t\t\t\t<\/div>\n\t\t\t\t\t<\/div>\n\t\t<\/div>\n\t\t\t\t\t\t\t<\/div>\n\t\t<\/section>\n\t\t\t\t\t\t\t<\/div>\n\t\t","protected":false},"excerpt":{"rendered":"<p>SOCHIMI A Sociedade Chilena de Medicina Intensiva (SOCHIMI) \u00e9 uma entidade de natureza cient\u00edfica docente e n\u00e3o ter\u00e1 fins lucrativos. A localiza\u00e7\u00e3o da Sociedade fica no munic\u00edpio [&hellip;]<\/p>\n","protected":false},"author":1,"featured_media":0,"parent":0,"menu_order":0,"comment_status":"closed","ping_status":"closed","template":"tpl\/front-page.php","meta":{"footnotes":""},"_links":{"self":[{"href":"https:\/\/www.uciscolombianas.com\/pt-br\/wp-json\/wp\/v2\/pages\/6043"}],"collection":[{"href":"https:\/\/www.uciscolombianas.com\/pt-br\/wp-json\/wp\/v2\/pages"}],"about":[{"href":"https:\/\/www.uciscolombianas.com\/pt-br\/wp-json\/wp\/v2\/types\/page"}],"author":[{"embeddable":true,"href":"https:\/\/www.uciscolombianas.com\/pt-br\/wp-json\/wp\/v2\/users\/1"}],"replies":[{"embeddable":true,"href":"https:\/\/www.uciscolombianas.com\/pt-br\/wp-json\/wp\/v2\/comments?post=6043"}],"version-history":[{"count":34,"href":"https:\/\/www.uciscolombianas.com\/pt-br\/wp-json\/wp\/v2\/pages\/6043\/revisions"}],"predecessor-version":[{"id":6520,"href":"https:\/\/www.uciscolombianas.com\/pt-br\/wp-json\/wp\/v2\/pages\/6043\/revisions\/6520"}],"wp:attachment":[{"href":"https:\/\/www.uciscolombianas.com\/pt-br\/wp-json\/wp\/v2\/media?parent=6043"}],"curies":[{"name":"wp","href":"https:\/\/api.w.org\/{rel}","templated":true}]}}